{"id":77,"date":"2022-01-24T21:33:30","date_gmt":"2022-01-24T20:33:30","guid":{"rendered":"https:\/\/sir-prefnews.de\/?page_id=77"},"modified":"2022-01-26T08:18:46","modified_gmt":"2022-01-26T07:18:46","slug":"questions-answers","status":"publish","type":"page","link":"https:\/\/sir-prefnews.de\/?page_id=77","title":{"rendered":"Questions &#038; Answers"},"content":{"rendered":"<p>[et_pb_section fb_built=&#8220;1&#8243; _builder_version=&#8220;4.14.7&#8243; _module_preset=&#8220;default&#8220; global_colors_info=&#8220;{}&#8220;][et_pb_row _builder_version=&#8220;4.14.7&#8243; _module_preset=&#8220;default&#8220; global_colors_info=&#8220;{}&#8220;][et_pb_column type=&#8220;4_4&#8243; _builder_version=&#8220;4.14.7&#8243; _module_preset=&#8220;default&#8220; global_colors_info=&#8220;{}&#8220;][et_pb_accordion toggle_icon=&#8220;&#x47;||divi||400&#8243; _builder_version=&#8220;4.14.7&#8243; _module_preset=&#8220;default&#8220; text_orientation=&#8220;left&#8220; max_width=&#8220;800px&#8220; module_alignment=&#8220;center&#8220; hover_enabled=&#8220;0&#8243; global_colors_info=&#8220;{}&#8220; sticky_enabled=&#8220;0&#8243;][et_pb_accordion_item title=&#8220;Was ist Sir Prefnews?&#8220; _builder_version=&#8220;4.14.7&#8243; _module_preset=&#8220;default&#8220; global_colors_info=&#8220;{}&#8220; open=&#8220;off&#8220;]<\/p>\n<p>Sir Prefnews erm\u00f6glicht einen umkomplizierten Einstieg in personalisierte Newsletter. Auf jedem Artikel Ihrer Online-Zeitung oder Ihres Online-Magazins wird ein Button f\u00fcr die entsprechende Kategorie des Artikels, z.B. &#8222;Sport&#8220; oder &#8222;Lokales&#8220; eingef\u00fcgt. Sobald Lesende diesen Knopf dr\u00fccken, wird ein Signal an unser System gesendet, sodass Artikel aus dieser Kategorie h\u00e4ufiger im n\u00e4chsten Newsletter dieser Person landen. Auf unserer Plattform kuratieren Sie die den Artikel-Feeds f\u00fcr Ihren n\u00e4chsten Newsletter indem Sie Ihre Artikel ganz einfach zu den entsprechenden Kategorien zuweisen.\u00a0<\/p>\n<p>Sir Prefnews verschickt dabei selbst keine Newsletter. Sie verwenden Ihr bisheriges Newsletter System &#8211; wir erg\u00e4nzen lediglich die personalisierten Inhalte.\u00a0<\/p>\n<p>[\/et_pb_accordion_item][et_pb_accordion_item title=&#8220;Welche technischen Voraussetzungen hat Sir Prefnews?&#8220; _builder_version=&#8220;4.14.7&#8243; _module_preset=&#8220;default&#8220; hover_enabled=&#8220;0&#8243; global_colors_info=&#8220;{}&#8220; open=&#8220;off&#8220; sticky_enabled=&#8220;0&#8243;]<\/p>\n<p>Auf den Artikel-Seiten Ihrer Website wird lediglich ein Knopf eingebunden. Dieser sollte von einem technischen Ansprechpartner an das Layout Ihrer Website angepasst werden &#8211; wir helfen Ihnen gerne dabei. F\u00fcr die Meldung der Interessen ist die e-Mail Adresse der Abonnenten n\u00f6tig, z.B. aus dem Login oder aus einem Cookie der bei der Registrierung f\u00fcr den Newsletter gesetzt wird oder auch durch erneute Eingabe beim Klick auf den &#8222;Mehr davon&#8220; Button.<\/p>\n<p>Au\u00dferdem ben\u00f6tigen Sie ein bestehendes Newsletter-System in dem Sie die Newsletter gestalten und versenden. Sir Prefnews f\u00fcgt in diese Newsletter dann personalisierte Feeds Ihrer Beitr\u00e4ge ein.<\/p>\n<p>Wie genau die Implementierung an Ihr bestehendes CRM und Newsletter-System funktioniert kl\u00e4ren wir am besten in einem pers\u00f6nlichen Gespr\u00e4ch &#8211;<a href=\"\/#contact\"> kontaktieren Sie uns<\/a>!<\/p>\n<p>[\/et_pb_accordion_item][et_pb_accordion_item title=&#8220;Wieso sollten wir unsere Newsletter personalisieren?&#8220; open=&#8220;off&#8220; _builder_version=&#8220;4.14.7&#8243; _module_preset=&#8220;default&#8220; global_colors_info=&#8220;{}&#8220;]<\/p>\n<p><span>F\u00fcr Abonnement-basierte Bezahlmodelle, insb. von Verlagen ist die Anmeldung zum Newsletter durch eine\/n neue Leser\/in ein wichtiger Schritt im Funnel hin zur Konvertierung in zahlende Stammleserschaft. Dabei konnte in zahlreichen Studien nachgewiesen werden, dass personalisierte Newsletter zu signifikant h\u00f6heren Conversion Rates f\u00fchren (z.B. Turunen, 2021; Kingnorth, 2019).<\/span><\/p>\n<p><span>Personalisierte Newsletter steigern\u00a0 also Kundenbindung, Konversion und letztendlich Ihren Umsatz.<\/span><\/p>\n<p>[\/et_pb_accordion_item][et_pb_accordion_item title=&#8220;Wie viel kostet Sir Prefnews?&#8220; _builder_version=&#8220;4.14.7&#8243; _module_preset=&#8220;default&#8220; open=&#8220;on&#8220; hover_enabled=&#8220;0&#8243; sticky_enabled=&#8220;0&#8243;]<\/p>\n<p><span>Sie k\u00f6nnen Sir Prefnews im Rahmen der\u00a0<\/span><a href=\"https:\/\/www.media-lab.de\/de\/open-innovation-challenge#\" target=\"_blank\" rel=\"noopener\">Media Innovation Challenge des Media Lab Bayern<\/a><span>\u00a0bis einschlie\u00dflich Juli 2022 kostenfrei nutzen. Anschlie\u00dfend richtet sich der Preis nach Volumen und Zeitraum &#8211; <a href=\"\/#contact\">gerne machen wir Ihnen ein unverbindliches Angebot<\/a>.<\/span><\/p>\n<p>[\/et_pb_accordion_item][et_pb_accordion_item title=&#8220;Letzte Frage: was bedeutet %22Sir Prefnews%22?&#8220; _builder_version=&#8220;4.14.7&#8243; _module_preset=&#8220;default&#8220; global_colors_info=&#8220;{}&#8220; open=&#8220;off&#8220;]<\/p>\n<p>\u201cSir Prefnews\u201d ist ein Akronym f\u00fcr eine einfache L\u00f6sung. Es steht f\u00fcr \u201cSimple integration for reading-preference-based newsletters\u201d und erm\u00f6glicht die schnelle und einfache Implementierung von Personalisierung f\u00fcr Newsletter-Inhalte &#8211; speziell f\u00fcr Verlage, um schnell und unkompliziert mit Personalisierung loszulegen.<\/p>\n<p>[\/et_pb_accordion_item][\/et_pb_accordion][\/et_pb_column][\/et_pb_row][\/et_pb_section]<\/p>\n","protected":false},"excerpt":{"rendered":"<p>Sir Prefnews erm\u00f6glicht einen umkomplizierten Einstieg in personalisierte Newsletter. Auf jedem Artikel Ihrer Online-Zeitung oder Ihres Online-Magazins wird ein Button f\u00fcr die entsprechende Kategorie des Artikels, z.B. &#8222;Sport&#8220; oder &#8222;Lokales&#8220; eingef\u00fcgt. Sobald Lesende diesen Knopf dr\u00fccken, wird ein Signal an unser System gesendet, sodass Artikel aus dieser Kategorie h\u00e4ufiger im n\u00e4chsten Newsletter dieser Person landen. [&hellip;]<\/p>\n","protected":false},"author":1,"featured_media":0,"parent":0,"menu_order":0,"comment_status":"closed","ping_status":"closed","template":"","meta":{"_et_pb_use_builder":"on","_et_pb_old_content":"","_et_gb_content_width":"","footnotes":""},"class_list":["post-77","page","type-page","status-publish","hentry"],"_links":{"self":[{"href":"https:\/\/sir-prefnews.de\/index.php?rest_route=\/wp\/v2\/pages\/77","targetHints":{"allow":["GET"]}}],"collection":[{"href":"https:\/\/sir-prefnews.de\/index.php?rest_route=\/wp\/v2\/pages"}],"about":[{"href":"https:\/\/sir-prefnews.de\/index.php?rest_route=\/wp\/v2\/types\/page"}],"author":[{"embeddable":true,"href":"https:\/\/sir-prefnews.de\/index.php?rest_route=\/wp\/v2\/users\/1"}],"replies":[{"embeddable":true,"href":"https:\/\/sir-prefnews.de\/index.php?rest_route=%2Fwp%2Fv2%2Fcomments&post=77"}],"version-history":[{"count":10,"href":"https:\/\/sir-prefnews.de\/index.php?rest_route=\/wp\/v2\/pages\/77\/revisions"}],"predecessor-version":[{"id":138,"href":"https:\/\/sir-prefnews.de\/index.php?rest_route=\/wp\/v2\/pages\/77\/revisions\/138"}],"wp:attachment":[{"href":"https:\/\/sir-prefnews.de\/index.php?rest_route=%2Fwp%2Fv2%2Fmedia&parent=77"}],"curies":[{"name":"wp","href":"https:\/\/api.w.org\/{rel}","templated":true}]}}